{"id":5578,"date":"2015-01-30T15:21:16","date_gmt":"2015-01-30T15:21:16","guid":{"rendered":"http:\/\/mariemodetricot.ca\/site\/?page_id=5578"},"modified":"2024-03-21T20:22:15","modified_gmt":"2024-03-21T20:22:15","slug":"accueil","status":"publish","type":"page","link":"https:\/\/mariemodetricot.ca\/site\/","title":{"rendered":"Accueil"},"content":{"rendered":"<p>[vc_row css_animation=\u00a0\u00bb\u00a0\u00bb row_type=\u00a0\u00bbrow\u00a0\u00bb use_row_as_full_screen_section=\u00a0\u00bbno\u00a0\u00bb type=\u00a0\u00bbgrid\u00a0\u00bb angled_section=\u00a0\u00bbno\u00a0\u00bb text_align=\u00a0\u00bbleft\u00a0\u00bb background_image_as_pattern=\u00a0\u00bbwithout_pattern\u00a0\u00bb padding_top=\u00a0\u00bb60&Prime; padding_bottom=\u00a0\u00bb50&Prime;][vc_column][vc_column_text]<\/p>\n<h2 style=\"text-align: center;\">Bienvenue chez Marie Mode Tricot !<\/h2>\n<p>[\/vc_column_text][vc_separator type=\u00a0\u00bbsmall\u00a0\u00bb position=\u00a0\u00bbcenter\u00a0\u00bb up=\u00a0\u00bb50&Prime; down=\u00a0\u00bb60&Prime;][vc_column_text]<\/p>\n<h4 style=\"text-align: center;\">J\u2019ai cr\u00e9\u00e9 cette boutique \u00e0 mon image pour partager avec vous ma passion du tricot que je qualifie de moderne. Chez Marie Mode Tricot,<br \/>\nvous serez accueillis chaleureusement et trouverez des produits de grande qualit\u00e9 en plus d\u2019un service personnalis\u00e9.<br \/>\nC\u2019est avec plaisir que je me rendrai disponible pour r\u00e9pondre \u00e0 vos attentes.<\/h4>\n<p>&nbsp;<\/p>\n<h3 style=\"text-align: center;\">Passez me voir pour me parler de vos projets,<br \/>\nd\u00e9couvrir mes produits ou simplement pour \u00e9changer !<\/h3>\n<p>[\/vc_column_text][\/vc_column][\/vc_row][vc_row css_animation=\u00a0\u00bb\u00a0\u00bb row_type=\u00a0\u00bbrow\u00a0\u00bb use_row_as_full_screen_section=\u00a0\u00bbno\u00a0\u00bb type=\u00a0\u00bbgrid\u00a0\u00bb angled_section=\u00a0\u00bbno\u00a0\u00bb text_align=\u00a0\u00bbleft\u00a0\u00bb background_image_as_pattern=\u00a0\u00bbwithout_pattern\u00a0\u00bb padding_bottom=\u00a0\u00bb60&Prime; padding_top=\u00a0\u00bb50&Prime; background_color=\u00a0\u00bbrgba(239,227,198,0.5)\u00a0\u00bb][vc_column width=\u00a0\u00bb1\/3&Prime;]<span data-type=\"circle\"   class=\"qode_icon_shortcode fa-stack q_font_awsome_icon_stack fa-3x pull-center q_icon_animation\" style=\" \"><i class=\"fa fa-circle fa-stack-base fa-stack-2x\" style=\"color: #efe3c6;\"><\/i><i class=\"qode_icon_font_awesome fa fa-tags qode_icon_element fa-stack-1x\" style=\"color: #ffffff;\" ><\/i><\/span>[vc_empty_space][vc_column_text]<\/p>\n<h5 style=\"text-align: center;\">En promotion !<\/h5>\n<p>[\/vc_column_text][vc_empty_space][vc_column_text]<\/p>\n<p style=\"text-align: center;\">Faites un saut \u00e0 la boutique pour profiter des promotions. J\u2019ai diff\u00e9rents produits vedettes \u00e0 chaque mois.<\/p>\n<p>[\/vc_column_text][\/vc_column][vc_column width=\u00a0\u00bb1\/3&Prime;]<span data-type=\"circle\"   class=\"qode_icon_shortcode fa-stack q_font_awsome_icon_stack fa-3x pull-center q_icon_animation\" style=\" \"><i class=\"fa fa-circle fa-stack-base fa-stack-2x\" style=\"color: #efe3c6;\"><\/i><i class=\"qode_icon_font_awesome fa fa-gift qode_icon_element fa-stack-1x\" style=\"color: #ffffff;\" ><\/i><\/span>[vc_empty_space][vc_column_text]<\/p>\n<h5 style=\"text-align: center;\">Certificats cadeaux<\/h5>\n<p>[\/vc_column_text][vc_empty_space][vc_column_text]<\/p>\n<p style=\"text-align: center;\">Partagez votre plaisir. Offrez un certificat cadeau.<br \/>\nEn vente \u00e0 la boutique.<\/p>\n<p>[\/vc_column_text][\/vc_column][vc_column width=\u00a0\u00bb1\/3&Prime;]<span data-type=\"circle\"   class=\"qode_icon_shortcode fa-stack q_font_awsome_icon_stack fa-3x pull-center q_icon_animation\" style=\" \"><a  itemprop=\"url\" href=\"https:\/\/mariemodetricot.ca\/site\/nous-joindre\/\" target=\"_self\"><i class=\"fa fa-circle fa-stack-base fa-stack-2x\" style=\"color: #efe3c6;\"><\/i><i class=\"qode_icon_font_awesome fa fa-bookmark qode_icon_element fa-stack-1x\" style=\"color: #ffffff;\" ><\/i><\/a><\/span>[vc_empty_space][vc_column_text]<\/p>\n<h5 style=\"text-align: center;\">Nos ateliers<\/h5>\n<p>[\/vc_column_text][vc_empty_space][vc_column_text]<\/p>\n<p style=\"text-align: center;\">Vous souhaitez d\u00e9velopper vos habilet\u00e9s<br \/>\nou m\u00eame vous initier, nous avons des ateliers disponibles, contacter nous!<\/p>\n<p>[\/vc_column_text][\/vc_column][\/vc_row][vc_row css_animation=\u00a0\u00bb\u00a0\u00bb row_type=\u00a0\u00bbrow\u00a0\u00bb use_row_as_full_screen_section=\u00a0\u00bbno\u00a0\u00bb type=\u00a0\u00bbfull_width\u00a0\u00bb angled_section=\u00a0\u00bbno\u00a0\u00bb text_align=\u00a0\u00bbleft\u00a0\u00bb background_image_as_pattern=\u00a0\u00bbwithout_pattern\u00a0\u00bb padding_top=\u00a0\u00bb20&Prime; padding_bottom=\u00a0\u00bb20&Prime;][vc_column][vc_single_image image=\u00a0\u00bb5876&Prime; img_size=\u00a0\u00bb180X144&Prime; alignment=\u00a0\u00bbcenter\u00a0\u00bb qode_css_animation=\u00a0\u00bbelement_from_fade\u00a0\u00bb][\/vc_column][\/vc_row]<\/p>\n","protected":false},"excerpt":{"rendered":"<p>[vc_row css_animation=\u00a0\u00bb\u00a0\u00bb row_type=\u00a0\u00bbrow\u00a0\u00bb use_row_as_full_screen_section=\u00a0\u00bbno\u00a0\u00bb type=\u00a0\u00bbgrid\u00a0\u00bb angled_section=\u00a0\u00bbno\u00a0\u00bb text_align=\u00a0\u00bbleft\u00a0\u00bb background_image_as_pattern=\u00a0\u00bbwithout_pattern\u00a0\u00bb padding_top=\u00a0\u00bb60&Prime; padding_bottom=\u00a0\u00bb50&Prime;][vc_column][vc_column_text] Bienvenue chez Marie Mode Tricot ! [\/vc_column_text][vc_separator type=\u00a0\u00bbsmall\u00a0\u00bb position=\u00a0\u00bbcenter\u00a0\u00bb up=\u00a0\u00bb50&Prime; down=\u00a0\u00bb60&Prime;][vc_column_text] J\u2019ai cr\u00e9\u00e9 cette boutique \u00e0 mon image pour partager avec vous ma passion du tricot que je qualifie de moderne. Chez Marie Mode Tricot,&#8230;<\/p>\n","protected":false},"author":1,"featured_media":0,"parent":0,"menu_order":0,"comment_status":"open","ping_status":"closed","template":"full_width.php","meta":[],"_links":{"self":[{"href":"https:\/\/mariemodetricot.ca\/site\/wp-json\/wp\/v2\/pages\/5578"}],"collection":[{"href":"https:\/\/mariemodetricot.ca\/site\/wp-json\/wp\/v2\/pages"}],"about":[{"href":"https:\/\/mariemodetricot.ca\/site\/wp-json\/wp\/v2\/types\/page"}],"author":[{"embeddable":true,"href":"https:\/\/mariemodetricot.ca\/site\/wp-json\/wp\/v2\/users\/1"}],"replies":[{"embeddable":true,"href":"https:\/\/mariemodetricot.ca\/site\/wp-json\/wp\/v2\/comments?post=5578"}],"version-history":[{"count":47,"href":"https:\/\/mariemodetricot.ca\/site\/wp-json\/wp\/v2\/pages\/5578\/revisions"}],"predecessor-version":[{"id":6466,"href":"https:\/\/mariemodetricot.ca\/site\/wp-json\/wp\/v2\/pages\/5578\/revisions\/6466"}],"wp:attachment":[{"href":"https:\/\/mariemodetricot.ca\/site\/wp-json\/wp\/v2\/media?parent=5578"}],"curies":[{"name":"wp","href":"https:\/\/api.w.org\/{rel}","templated":true}]}}